{"id":165,"date":"2020-02-18T07:34:41","date_gmt":"2020-02-18T06:34:41","guid":{"rendered":"https:\/\/demosites.io\/fitness-gb\/?page_id=165"},"modified":"2023-07-28T18:22:32","modified_gmt":"2023-07-28T16:22:32","slug":"apply","status":"publish","type":"page","link":"https:\/\/stepupgym.hu\/hu\/apply\/","title":{"rendered":"Jelentkez\u00e9s"},"content":{"rendered":"<div id=\"wp-block-themeisle-blocks-advanced-columns-50d76ec4\" class=\"wp-block-themeisle-blocks-advanced-columns alignfull has-1-columns has-desktop-equal-layout has-tablet-equal-layout has-mobile-equal-layout has-vertical-center\"><div class=\"wp-block-themeisle-blocks-advanced-columns-overlay\"><\/div><div class=\"innerblocks-wrap\">\n<div id=\"wp-block-themeisle-blocks-advanced-column-4d049713\" class=\"wp-block-themeisle-blocks-advanced-column\">\n<h1 id=\"wp-block-themeisle-blocks-advanced-heading-706f65a4\" class=\"wp-block-themeisle-blocks-advanced-heading wp-block-themeisle-blocks-advanced-heading-706f65a4\">Jelentkez\u00e9s<\/h1>\n<\/div>\n<\/div><\/div>\n\n\n\n<section id=\"wp-block-themeisle-blocks-advanced-columns-e4373a2b\" class=\"wp-block-themeisle-blocks-advanced-columns alignfull has-1-columns has-desktop-equal-layout has-tablet-equal-layout has-mobile-equal-layout has-vertical-flex-start\"><div class=\"wp-block-themeisle-blocks-advanced-columns-overlay\"><\/div><div class=\"innerblocks-wrap\">\n<div id=\"wp-block-themeisle-blocks-advanced-column-0b9db5af\" class=\"wp-block-themeisle-blocks-advanced-column\">\n<section id=\"wp-block-themeisle-blocks-advanced-columns-62d68e08\" class=\"wp-block-themeisle-blocks-advanced-columns has-1-columns has-desktop-equal-layout has-tablet-equal-layout has-mobile-collapsedRows-layout has-vertical-center\"><div class=\"wp-block-themeisle-blocks-advanced-columns-overlay\"><\/div><div class=\"innerblocks-wrap\">\n<div id=\"wp-block-themeisle-blocks-advanced-column-ba020b38\" class=\"wp-block-themeisle-blocks-advanced-column\">\n<span id=\"wp-block-themeisle-blocks-advanced-heading-acff9ebd\" class=\"wp-block-themeisle-blocks-advanced-heading wp-block-themeisle-blocks-advanced-heading-acff9ebd\"><strong>JELENTKEZ\u00c9S<\/strong><\/span>\n\n\n\n<h2 class=\"wp-block-heading wp-block-themeisle-blocks-advanced-heading wp-block-themeisle-blocks-advanced-heading-a3e4dce8\" id=\"wp-block-themeisle-blocks-advanced-heading-a3e4dce8\">Csatlakozz a programunkhoz<\/h2>\n\n\n\n<p>T\u00f6ltsd ki az al\u00e1bbi \u0171rlapot \u00e9s v\u00e1laszd ki a szimpatikus edz\u0151t \u00e9s csomagot!<\/p>\n\n\n<style>.form-control {\n            width: 60%;\n            display: block !important;\n            color: black !important;\n        }<\/style><form method=\"post\" action=\"\"><input type=\"hidden\" name=\"trainerform\" value=\"1\"><label >Your name<\/label><input type=\"text\" name=\"cname\" class=\"form-control\" required><br ><label >E-mail address<\/label><input required type=\"email\" name=\"cemail\" class=\"form-control\" \/><br ><label >Phone<\/label><input  required type=\"text\" name=\"cphone\" class=\"form-control\" \/><br ><label >Choose a program<\/label><select required class=\"form-control\" name=\"program\" id=\"trainer_\"><option value=\"\" seleted=\"selected\">--- please select ---<\/option><option value=\"Basic\">Basic<\/option><option value=\"Advanced\">Advanced<\/option><option value=\"Life Changer\">Life Changer<\/option><\/select><br><label>Choose a trainer<\/label><select required class=\"form-control\" name=\"trainer_\" id=\"trainer_\"><option value=\"\">--- please select ---<\/option><option value=\"olahreka\">Ol\u00e1h R\u00e9ka<\/option><option value=\"marcell\">M\u00e9sz\u00e1ros Marcell<\/option><option value=\"lilla\">Varga Lilla<\/option><option value=\"andras\">Lelkes Andr\u00e1s<\/option><option value=\"titanilla\">Ill\u00e9s Titanilla<\/option><option value=\"dani\">Sz\u00e9l D\u00e1niel<\/option><option value=\"horvathistvan\">Horv\u00e1th Istv\u00e1n<\/option><option value=\"timi\">Tanka T\u00edmea<\/option><\/select><br><input id=\"send\" type=\"submit\" value=\"Send\"><input type=\"hidden\" name=\"trp-form-language\" value=\"hu\"\/><\/form><script>jQuery(\"#trainer_\").val(\"\");<\/script>\n<\/div>\n<\/div><\/section>\n<\/div>\n<\/div><\/section>","protected":false},"excerpt":{"rendered":"","protected":false},"author":1,"featured_media":0,"parent":0,"menu_order":0,"comment_status":"closed","ping_status":"closed","template":"page-templates\/template-pagebuilder-full-width.php","meta":{"neve_meta_sidebar":"full-width","neve_meta_container":"","neve_meta_enable_content_width":"on","neve_meta_content_width":100,"neve_meta_title_alignment":"","neve_meta_author_avatar":"","neve_post_elements_order":"","neve_meta_disable_header":"","neve_meta_disable_footer":"","neve_meta_disable_title":"","_themeisle_gutenberg_block_has_review":false,"_ti_tpc_template_sync":false,"_ti_tpc_template_id":"p127pwpnjwshj89wo7pr","footnotes":""},"class_list":["post-165","page","type-page","status-publish","hentry"],"_links":{"self":[{"href":"https:\/\/stepupgym.hu\/hu\/wp-json\/wp\/v2\/pages\/165","targetHints":{"allow":["GET"]}}],"collection":[{"href":"https:\/\/stepupgym.hu\/hu\/wp-json\/wp\/v2\/pages"}],"about":[{"href":"https:\/\/stepupgym.hu\/hu\/wp-json\/wp\/v2\/types\/page"}],"author":[{"embeddable":true,"href":"https:\/\/stepupgym.hu\/hu\/wp-json\/wp\/v2\/users\/1"}],"replies":[{"embeddable":true,"href":"https:\/\/stepupgym.hu\/hu\/wp-json\/wp\/v2\/comments?post=165"}],"version-history":[{"count":5,"href":"https:\/\/stepupgym.hu\/hu\/wp-json\/wp\/v2\/pages\/165\/revisions"}],"predecessor-version":[{"id":3581,"href":"https:\/\/stepupgym.hu\/hu\/wp-json\/wp\/v2\/pages\/165\/revisions\/3581"}],"wp:attachment":[{"href":"https:\/\/stepupgym.hu\/hu\/wp-json\/wp\/v2\/media?parent=165"}],"curies":[{"name":"wp","href":"https:\/\/api.w.org\/{rel}","templated":true}]}}